{"id":55,"date":"2025-01-10T11:57:48","date_gmt":"2025-01-10T10:57:16","guid":{"rendered":"https:\/\/yourperfectbody.fr\/?page_id=55"},"modified":"2025-04-16T17:48:45","modified_gmt":"2025-04-16T15:48:45","slug":"bodyscupltor","status":"publish","type":"page","link":"https:\/\/yourperfectbody.fr\/index.php\/bodyscupltor\/","title":{"rendered":"BodyScupltor exCell+"},"content":{"rendered":"Technique d&#8217;amincissement permettant un remodelage de la silhouette et un raffermissement de la peau gr\u00e2ce \u00e0 l&#8217;association d&#8217;un champ biomagn\u00e9tique plus micropression.\r\n\r\nTechnologie unique et brevet\u00e9e.\r\n\r\nLe champ Bio Magn\u00e9tique permet de r\u00e9veiller de mani\u00e8re 100% naturelle le d\u00e9sengorgement des cellules adipeuses et la micropression de r\u00e9tablir une bonne circulation sanguine et lymphatique.\r\n\r\nBottes, ceintures, bras et visage.\r\n\r\nLa s\u00e9ance dure 30 minutes.\r\n<\/br><\/br>\r\n<strong><u>R\u00e9sultats :<\/u><\/strong>\r\n<ul class=\"wp-block-list\">\r\n \t<li><strong>R\u00e9duction de la cellulite<\/strong><\/li>\r\n \t<li><strong>Silhouette affin\u00e9e<\/strong><\/li>\r\n \t<li><strong>Peau raffermie<\/strong><\/li>\r\n \t<li><strong>Diminution du volume des zones enrob\u00e9es.<\/strong><\/li>\r\n<\/ul>\r\n&nbsp;\r\n\r\n&nbsp;\r\n\r\n<img loading=\"lazy\" decoding=\"async\" class=\"aligncenter wp-image-578\" src=\"http:\/\/yourperfectbody.fr\/wp-content\/uploads\/2025\/04\/Modele_OK-2-1024x317.jpg\" alt=\"\" width=\"905\" height=\"280\" srcset=\"https:\/\/yourperfectbody.fr\/wp-content\/uploads\/2025\/04\/Modele_OK-2-1024x317.jpg 1024w, https:\/\/yourperfectbody.fr\/wp-content\/uploads\/2025\/04\/Modele_OK-2-300x93.jpg 300w, https:\/\/yourperfectbody.fr\/wp-content\/uploads\/2025\/04\/Modele_OK-2-768x238.jpg 768w, https:\/\/yourperfectbody.fr\/wp-content\/uploads\/2025\/04\/Modele_OK-2-1536x475.jpg 1536w, https:\/\/yourperfectbody.fr\/wp-content\/uploads\/2025\/04\/Modele_OK-2.jpg 1600w\" sizes=\"auto, (max-width: 905px) 100vw, 905px\" \/>\r\n<!-- \/wp:post-content -->","protected":false},"excerpt":{"rendered":"<p>Technique d&#8217;amincissement permettant un remodelage de la silhouette et un raffermissement de la peau gr\u00e2ce \u00e0 l&#8217;association d&#8217;un champ biomagn\u00e9tique plus micropression. Technologie unique et brevet\u00e9e. Le champ Bio Magn\u00e9tique &hellip; <\/p>\n","protected":false},"author":1,"featured_media":0,"parent":0,"menu_order":1,"comment_status":"closed","ping_status":"closed","template":"","meta":{"footnotes":""},"class_list":["post-55","page","type-page","status-publish","hentry"],"_links":{"self":[{"href":"https:\/\/yourperfectbody.fr\/index.php\/wp-json\/wp\/v2\/pages\/55","targetHints":{"allow":["GET"]}}],"collection":[{"href":"https:\/\/yourperfectbody.fr\/index.php\/wp-json\/wp\/v2\/pages"}],"about":[{"href":"https:\/\/yourperfectbody.fr\/index.php\/wp-json\/wp\/v2\/types\/page"}],"author":[{"embeddable":true,"href":"https:\/\/yourperfectbody.fr\/index.php\/wp-json\/wp\/v2\/users\/1"}],"replies":[{"embeddable":true,"href":"https:\/\/yourperfectbody.fr\/index.php\/wp-json\/wp\/v2\/comments?post=55"}],"version-history":[{"count":50,"href":"https:\/\/yourperfectbody.fr\/index.php\/wp-json\/wp\/v2\/pages\/55\/revisions"}],"predecessor-version":[{"id":844,"href":"https:\/\/yourperfectbody.fr\/index.php\/wp-json\/wp\/v2\/pages\/55\/revisions\/844"}],"wp:attachment":[{"href":"https:\/\/yourperfectbody.fr\/index.php\/wp-json\/wp\/v2\/media?parent=55"}],"curies":[{"name":"wp","href":"https:\/\/api.w.org\/{rel}","templated":true}]}}