{"id":53,"date":"2025-01-10T12:45:29","date_gmt":"2025-01-10T11:45:29","guid":{"rendered":"https:\/\/yourperfectbody.fr\/?page_id=53"},"modified":"2025-04-17T09:16:07","modified_gmt":"2025-04-17T07:16:07","slug":"waterbike","status":"publish","type":"page","link":"https:\/\/yourperfectbody.fr\/index.php\/waterbike\/","title":{"rendered":"Waterbike"},"content":{"rendered":"\r\n<p>Il s&#8217;agit d&#8217;un v\u00e9lo dans l&#8217;eau en cabine priv\u00e9e individuelle.<\/p>\r\n<p>L&#8217;eau est renouvel\u00e9e apr\u00e8s chaque s\u00e9ance. Plusieurs jets hydromassants vous massent en p\u00e9dalant.<\/p>\r\n<p>L&#8217;ozone pr\u00e9sente dans l&#8217;eau du Waterbike permet de d\u00e9toxifier l&#8217;organisme.<\/p>\r\n<p>L&#8217;ozone a aussi un fort pouvoir d\u00e9sinfectant et rend la peau plus douce.<\/p>\r\n<p>Des coachs vid\u00e9o vous accompagnent pendant la s\u00e9ance si vous le souhaitez.<\/p>\r\n<p>La s\u00e9ance dure 35 minutes.<\/p>\r\n<p><strong><u>R\u00e9sultats :<\/u><\/strong><\/p>\r\n<ul>\r\n<li><strong>L&#8217;aspect peau d&#8217;orange diminue<\/strong><\/li>\r\n<li><strong>Perte de poids<\/strong><\/li>\r\n<li><strong>Ventre plat<\/strong><\/li>\r\n<li><strong>Toxines \u00e9limin\u00e9es<\/strong><\/li>\r\n<li><strong>Id\u00e9al pour le cardio en douceur.<\/strong><\/li>\r\n<\/ul>\r\n<p>&nbsp;<\/p>\r\n<p><img loading=\"lazy\" decoding=\"async\" class=\"aligncenter wp-image-850\" src=\"http:\/\/yourperfectbody.fr\/wp-content\/uploads\/2025\/04\/Modele_WaterBikeok-300x138.jpg\" alt=\"\" width=\"900\" height=\"413\" srcset=\"https:\/\/yourperfectbody.fr\/wp-content\/uploads\/2025\/04\/Modele_WaterBikeok-300x138.jpg 300w, https:\/\/yourperfectbody.fr\/wp-content\/uploads\/2025\/04\/Modele_WaterBikeok-768x353.jpg 768w, https:\/\/yourperfectbody.fr\/wp-content\/uploads\/2025\/04\/Modele_WaterBikeok.jpg 1341w\" sizes=\"auto, (max-width: 900px) 100vw, 900px\" \/><\/p>\r\n","protected":false},"excerpt":{"rendered":"<p>Il s&#8217;agit d&#8217;un v\u00e9lo dans l&#8217;eau en cabine priv\u00e9e individuelle. L&#8217;eau est renouvel\u00e9e apr\u00e8s chaque s\u00e9ance. Plusieurs jets hydromassants vous massent en p\u00e9dalant. L&#8217;ozone pr\u00e9sente dans l&#8217;eau du Waterbike permet &hellip; <\/p>\n","protected":false},"author":1,"featured_media":0,"parent":0,"menu_order":6,"comment_status":"closed","ping_status":"closed","template":"","meta":{"footnotes":""},"class_list":["post-53","page","type-page","status-publish","hentry"],"_links":{"self":[{"href":"https:\/\/yourperfectbody.fr\/index.php\/wp-json\/wp\/v2\/pages\/53","targetHints":{"allow":["GET"]}}],"collection":[{"href":"https:\/\/yourperfectbody.fr\/index.php\/wp-json\/wp\/v2\/pages"}],"about":[{"href":"https:\/\/yourperfectbody.fr\/index.php\/wp-json\/wp\/v2\/types\/page"}],"author":[{"embeddable":true,"href":"https:\/\/yourperfectbody.fr\/index.php\/wp-json\/wp\/v2\/users\/1"}],"replies":[{"embeddable":true,"href":"https:\/\/yourperfectbody.fr\/index.php\/wp-json\/wp\/v2\/comments?post=53"}],"version-history":[{"count":28,"href":"https:\/\/yourperfectbody.fr\/index.php\/wp-json\/wp\/v2\/pages\/53\/revisions"}],"predecessor-version":[{"id":874,"href":"https:\/\/yourperfectbody.fr\/index.php\/wp-json\/wp\/v2\/pages\/53\/revisions\/874"}],"wp:attachment":[{"href":"https:\/\/yourperfectbody.fr\/index.php\/wp-json\/wp\/v2\/media?parent=53"}],"curies":[{"name":"wp","href":"https:\/\/api.w.org\/{rel}","templated":true}]}}