{"id":171,"date":"2025-01-31T09:48:48","date_gmt":"2025-01-31T08:48:30","guid":{"rendered":"https:\/\/yourperfectbody.fr\/?page_id=171"},"modified":"2025-04-17T09:04:53","modified_gmt":"2025-04-17T07:04:53","slug":"ipulse","status":"publish","type":"page","link":"https:\/\/yourperfectbody.fr\/index.php\/ipulse\/","title":{"rendered":"Ipulse de Thalgo 5.1"},"content":{"rendered":"<p>La r\u00e9volution minceur. Il s&#8217;agit d&#8217;une seule machine dot\u00e9e de 5 technologies.<\/p>\n<ul>\n<li>Ultrasons (casse les graisses)<\/li>\n<li>Electrostimulation (stimule le muscle et le tonifie)<\/li>\n<li>Electrolipolyse (br\u00fble les graisses)<\/li>\n<li>Courants draineurs (relance la circulation sanguine et lymphatique)<\/li>\n<li>Ultrasonophor\u00e8se (fait p\u00e9n\u00e9trer les actifs au c\u0153urs des cellules).<\/li>\n<\/ul>\n<p>Un bilan avant de commencer votre cure vous sera fait avec la bio-imp\u00e9dancemetrie corporelle.<br \/>\nla s\u00e9ance de Ipulse dure 1 heure.<\/p>\n<p><strong><u>R\u00e9sultats :<\/u><\/strong><\/p>\n<ul>\n<li><strong>Perte centim\u00e9triques (Taille, ventre, fesses, cuisses)<\/strong><\/li>\n<li><strong>Anti r\u00e9tention d&#8217;eau<\/strong><\/li>\n<li><strong>Peau d&#8217;orange visiblement plus lis\u00e9e<\/strong><\/li>\n<li><strong>Rondeurs estomp\u00e9es<\/strong><\/li>\n<li><strong>Graisses d\u00e9stock\u00e9es<\/strong><\/li>\n<li><strong>Silhouette plus ferme et plus tonique.<\/strong><\/li>\n<\/ul>\n<p>&nbsp;<\/p>\n<p>&nbsp;<\/p>\n<p><img loading=\"lazy\" decoding=\"async\" class=\"aligncenter wp-image-828\" src=\"http:\/\/yourperfectbody.fr\/wp-content\/uploads\/2025\/04\/Modele_Ipulse_1-300x153.jpg\" alt=\"\" width=\"1024\" height=\"521\" srcset=\"https:\/\/yourperfectbody.fr\/wp-content\/uploads\/2025\/04\/Modele_Ipulse_1-300x153.jpg 300w, https:\/\/yourperfectbody.fr\/wp-content\/uploads\/2025\/04\/Modele_Ipulse_1-768x391.jpg 768w, https:\/\/yourperfectbody.fr\/wp-content\/uploads\/2025\/04\/Modele_Ipulse_1.jpg 1393w\" sizes=\"auto, (max-width: 1024px) 100vw, 1024px\" \/><\/p>\n","protected":false},"excerpt":{"rendered":"<p>La r\u00e9volution minceur. Il s&#8217;agit d&#8217;une seule machine dot\u00e9e de 5 technologies. Ultrasons (casse les graisses) Electrostimulation (stimule le muscle et le tonifie) Electrolipolyse (br\u00fble les graisses) Courants draineurs (relance &hellip; <\/p>\n","protected":false},"author":1,"featured_media":0,"parent":0,"menu_order":2,"comment_status":"closed","ping_status":"closed","template":"","meta":{"footnotes":""},"class_list":["post-171","page","type-page","status-publish","hentry"],"_links":{"self":[{"href":"https:\/\/yourperfectbody.fr\/index.php\/wp-json\/wp\/v2\/pages\/171","targetHints":{"allow":["GET"]}}],"collection":[{"href":"https:\/\/yourperfectbody.fr\/index.php\/wp-json\/wp\/v2\/pages"}],"about":[{"href":"https:\/\/yourperfectbody.fr\/index.php\/wp-json\/wp\/v2\/types\/page"}],"author":[{"embeddable":true,"href":"https:\/\/yourperfectbody.fr\/index.php\/wp-json\/wp\/v2\/users\/1"}],"replies":[{"embeddable":true,"href":"https:\/\/yourperfectbody.fr\/index.php\/wp-json\/wp\/v2\/comments?post=171"}],"version-history":[{"count":60,"href":"https:\/\/yourperfectbody.fr\/index.php\/wp-json\/wp\/v2\/pages\/171\/revisions"}],"predecessor-version":[{"id":871,"href":"https:\/\/yourperfectbody.fr\/index.php\/wp-json\/wp\/v2\/pages\/171\/revisions\/871"}],"wp:attachment":[{"href":"https:\/\/yourperfectbody.fr\/index.php\/wp-json\/wp\/v2\/media?parent=171"}],"curies":[{"name":"wp","href":"https:\/\/api.w.org\/{rel}","templated":true}]}}